{"id":69,"date":"2025-05-07T00:14:18","date_gmt":"2025-05-06T22:14:18","guid":{"rendered":"https:\/\/footstepsoffreedom.nl\/?page_id=69"},"modified":"2025-05-15T14:02:24","modified_gmt":"2025-05-15T12:02:24","slug":"contacto","status":"publish","type":"page","link":"https:\/\/footstepsoffreedom.nl\/es\/contacto\/","title":{"rendered":"Contacto"},"content":{"rendered":"<div class=\"cf7sg-container\"><div id=\"cf7sg-form-espanol\" class=\"cf7-smart-grid has-grid key_espanol\">\n<div class=\"wpcf7 no-js\" id=\"wpcf7-f497-o1\" lang=\"es-ES\" dir=\"ltr\" data-wpcf7-id=\"497\">\n<div class=\"screen-reader-response\"><p role=\"status\" aria-live=\"polite\" aria-atomic=\"true\"><\/p> <ul><\/ul><\/div>\n<form action=\"\/es\/wp-json\/wp\/v2\/pages\/69#wpcf7-f497-o1\" method=\"post\" class=\"wpcf7-form init\" aria-label=\"Formulario de contacto\" novalidate=\"novalidate\" data-status=\"init\">\n<fieldset class=\"hidden-fields-container\"><input type=\"hidden\" name=\"_wpcf7\" value=\"497\" \/><input type=\"hidden\" name=\"_wpcf7_version\" value=\"6.1.5\" \/><input type=\"hidden\" name=\"_wpcf7_locale\" value=\"es_ES\" \/><input type=\"hidden\" name=\"_wpcf7_unit_tag\" value=\"wpcf7-f497-o1\" \/><input type=\"hidden\" name=\"_wpcf7_container_post\" value=\"0\" \/><input type=\"hidden\" name=\"_wpcf7_posted_data_hash\" value=\"\" \/><input type=\"hidden\" name=\"_wpcf7_key\" value=\"espanol\" \/><input type=\"hidden\" name=\"_cf7sg_toggles\" value=\"\" \/><input type=\"hidden\" name=\"_cf7sg_version\" value=\"4.15.8\" \/><input type=\"hidden\" name=\"_wpnonce\" value=\"3f981d4470\" \/>\n<\/fieldset>\n<div class=\"container\">\n  <div class=\"row\">\n    <div class=\"columns one-half\">\n      <div class=\"container\">\n        <div class=\"row\">\n          <div class=\"columns full\">\n            <div class=\"field\"><label for=\"\">Su nombre<\/label><span class=\"wpcf7-form-control-wrap\" data-name=\"your-name\"><input size=\"40\" maxlength=\"400\" class=\"wpcf7-form-control wpcf7-text wpcf7-validates-as-required\" aria-required=\"true\" aria-invalid=\"false\" value=\"\" type=\"text\" name=\"your-name\" \/><\/span>\n              <p class=\"info-tip\">Introduzca su nombre completo<\/p>\n            <\/div>\n          <\/div>\n        <\/div>\n      <\/div>\n      <div class=\"container\">\n        <div class=\"row\">\n          <div class=\"columns full\">\n            <div class=\"field\"><label for=\"\">Su correo electr\u00f3nico<\/label><span class=\"wpcf7-form-control-wrap\" data-name=\"your-email\"><input size=\"40\" maxlength=\"400\" class=\"wpcf7-form-control wpcf7-email wpcf7-validates-as-required wpcf7-text wpcf7-validates-as-email\" aria-required=\"true\" aria-invalid=\"false\" value=\"\" type=\"email\" name=\"your-email\" \/><\/span>\n              <p class=\"info-tip\">Introduzca una direcci\u00f3n de correo electr\u00f3nico v\u00e1lida<\/p>\n            <\/div>\n          <\/div>\n        <\/div>\n      <\/div>\n      <div class=\"container\">\n        <div class=\"row\">\n          <div class=\"columns full\">\n            <div class=\"field\"><label for=\"\">Asunto<\/label><span class=\"wpcf7-form-control-wrap\" data-name=\"your-subject\"><input size=\"40\" maxlength=\"400\" class=\"wpcf7-form-control wpcf7-text wpcf7-validates-as-required\" aria-required=\"true\" aria-invalid=\"false\" value=\"\" type=\"text\" name=\"your-subject\" \/><\/span>\n              <p class=\"info-tip\">el tema de su mensaje<\/p>\n            <\/div>\n          <\/div>\n        <\/div>\n      <\/div>\n    <\/div>\n    <div class=\"columns one-half\">\n      <div class=\"container\">\n        <div class=\"row\">\n          <div class=\"columns full\">\n            <div class=\"field\"><label for=\"\">Su mensaje<\/label><span class=\"wpcf7-form-control-wrap\" data-name=\"your-message\"><textarea cols=\"40\" rows=\"5\" maxlength=\"2000\" class=\"wpcf7-form-control wpcf7-textarea wpcf7-validates-as-required\" aria-required=\"true\" aria-invalid=\"false\" name=\"your-message\"><\/textarea><\/span>\n              <p class=\"info-tip\">Escriba un breve mensaje<\/p>\n            <\/div>\n          <\/div>\n        <\/div>\n      <\/div>\n      <div class=\"container\">\n        <div class=\"row\">\n          <div class=\"columns full\">\n            <div class=\"field\"><label><\/label><input class=\"wpcf7-form-control wpcf7-submit has-spinner\" type=\"submit\" value=\"Enviar\" \/>\n              <p class=\"info-tip\"><\/p>\n            <\/div>\n          <\/div>\n        <\/div>\n      <\/div>\n    <\/div>\n  <\/div>\n<\/div><a target=\"_blank\" rel=\"nofollow noopener\" href=\"https:\/\/akismet.com\/privacy\/\">Aprende c\u00f3mo se procesan tus datos.<\/a><p style=\"display: none !important;\" class=\"akismet-fields-container\" data-prefix=\"_wpcf7_ak_\"><label>&#916;<textarea name=\"_wpcf7_ak_hp_textarea\" cols=\"45\" rows=\"8\" maxlength=\"100\"><\/textarea><\/label><input type=\"hidden\" id=\"ak_js_1\" name=\"_wpcf7_ak_js\" value=\"208\"\/><script>document.getElementById( \"ak_js_1\" ).setAttribute( \"value\", ( new Date() ).getTime() );<\/script><\/p><div class=\"wpcf7-response-output\" aria-hidden=\"true\"><\/div>\n<\/form>\n<\/div>\n<\/div><\/div>\n","protected":false},"excerpt":{"rendered":"","protected":false},"author":1,"featured_media":0,"parent":0,"menu_order":0,"comment_status":"closed","ping_status":"closed","template":"","meta":{"inline_featured_image":false,"jetpack_post_was_ever_published":false,"footnotes":""},"class_list":["post-69","page","type-page","status-publish","hentry"],"yoast_head":"<!-- This site is optimized with the Yoast SEO plugin v27.4 - https:\/\/yoast.com\/product\/yoast-seo-wordpress\/ -->\n<title>Contacto - FOOTSTEPS OF FREEDOM<\/title>\n<meta name=\"robots\" content=\"index, follow, max-snippet:-1, max-image-preview:large, max-video-preview:-1\" \/>\n<link rel=\"canonical\" href=\"https:\/\/footstepsoffreedom.nl\/es\/contacto\/\" \/>\n<meta property=\"og:locale\" content=\"es_ES\" \/>\n<meta property=\"og:type\" content=\"article\" \/>\n<meta property=\"og:title\" content=\"Contacto - FOOTSTEPS OF FREEDOM\" \/>\n<meta property=\"og:url\" content=\"https:\/\/footstepsoffreedom.nl\/es\/contacto\/\" \/>\n<meta property=\"og:site_name\" content=\"FOOTSTEPS OF FREEDOM\" \/>\n<meta property=\"article:modified_time\" content=\"2025-05-15T12:02:24+00:00\" \/>\n<meta name=\"twitter:card\" content=\"summary_large_image\" \/>\n<script type=\"application\/ld+json\" class=\"yoast-schema-graph\">{\"@context\":\"https:\\\/\\\/schema.org\",\"@graph\":[{\"@type\":\"WebPage\",\"@id\":\"https:\\\/\\\/footstepsoffreedom.nl\\\/es\\\/contacto\\\/\",\"url\":\"https:\\\/\\\/footstepsoffreedom.nl\\\/es\\\/contacto\\\/\",\"name\":\"Contacto - FOOTSTEPS OF FREEDOM\",\"isPartOf\":{\"@id\":\"https:\\\/\\\/footstepsoffreedom.nl\\\/es\\\/#website\"},\"datePublished\":\"2025-05-06T22:14:18+00:00\",\"dateModified\":\"2025-05-15T12:02:24+00:00\",\"breadcrumb\":{\"@id\":\"https:\\\/\\\/footstepsoffreedom.nl\\\/es\\\/contacto\\\/#breadcrumb\"},\"inLanguage\":\"es\",\"potentialAction\":[{\"@type\":\"ReadAction\",\"target\":[\"https:\\\/\\\/footstepsoffreedom.nl\\\/es\\\/contacto\\\/\"]}]},{\"@type\":\"BreadcrumbList\",\"@id\":\"https:\\\/\\\/footstepsoffreedom.nl\\\/es\\\/contacto\\\/#breadcrumb\",\"itemListElement\":[{\"@type\":\"ListItem\",\"position\":1,\"name\":\"Home\",\"item\":\"https:\\\/\\\/footstepsoffreedom.nl\\\/es\\\/\"},{\"@type\":\"ListItem\",\"position\":2,\"name\":\"Contacto\"}]},{\"@type\":\"WebSite\",\"@id\":\"https:\\\/\\\/footstepsoffreedom.nl\\\/es\\\/#website\",\"url\":\"https:\\\/\\\/footstepsoffreedom.nl\\\/es\\\/\",\"name\":\"FOOTSTEPS OF FREEDOM\",\"description\":\"Hiking &amp; writing\",\"publisher\":{\"@id\":\"https:\\\/\\\/footstepsoffreedom.nl\\\/es\\\/#\\\/schema\\\/person\\\/3378b8c210d8e714eabad2dc1764e0db\"},\"potentialAction\":[{\"@type\":\"SearchAction\",\"target\":{\"@type\":\"EntryPoint\",\"urlTemplate\":\"https:\\\/\\\/footstepsoffreedom.nl\\\/es\\\/?s={search_term_string}\"},\"query-input\":{\"@type\":\"PropertyValueSpecification\",\"valueRequired\":true,\"valueName\":\"search_term_string\"}}],\"inLanguage\":\"es\"},{\"@type\":[\"Person\",\"Organization\"],\"@id\":\"https:\\\/\\\/footstepsoffreedom.nl\\\/es\\\/#\\\/schema\\\/person\\\/3378b8c210d8e714eabad2dc1764e0db\",\"name\":\"Marnix van der Lijn\",\"image\":{\"@type\":\"ImageObject\",\"inLanguage\":\"es\",\"@id\":\"https:\\\/\\\/footstepsoffreedom.nl\\\/wp-content\\\/uploads\\\/2025\\\/05\\\/logo_fof.svg\",\"url\":\"https:\\\/\\\/footstepsoffreedom.nl\\\/wp-content\\\/uploads\\\/2025\\\/05\\\/logo_fof.svg\",\"contentUrl\":\"https:\\\/\\\/footstepsoffreedom.nl\\\/wp-content\\\/uploads\\\/2025\\\/05\\\/logo_fof.svg\",\"width\":1160,\"height\":250,\"caption\":\"Marnix van der Lijn\"},\"logo\":{\"@id\":\"https:\\\/\\\/footstepsoffreedom.nl\\\/wp-content\\\/uploads\\\/2025\\\/05\\\/logo_fof.svg\"},\"description\":\"Ik ben Marnix (1964), schrijver, langeafstandswandelaar en minimalist in hart en nieren. Na een loopbaan in de commerci\u00eble wereld, coaching en training, en jarenlange inzet in de vluchtelingenopvang, koos ik op mijn zestigste voor een radicale wending: ik gaf mezelf een sabbatical en trok de wereld in \u2013 te voet. Wat begon als een plan om 10.000 kilometer door Europa te wandelen, groeide uit tot iets veel groters: een nieuwe manier van leven. In negen maanden legde ik meer dan 5.500 kilometer af, met alleen mijn tent, schrijfboek, wandelkar (die ik liefdevol \u2018Wheelie\u2019 noem) en mijn barefoot schoenen. Al lopend ontdekte ik dat dit mijn pad is: een nomadisch bestaan, schrijvend onderweg. Ik geloof in het ritme van de voeten, in eenvoud, traagheid en aanwezigheid. Reizen zonder haast, leven met weinig, en onderweg de verhalen vangen die zich aandienen. Mijn missie? De schoonheid van vertraging, vrijheid en verbondenheid tastbaar maken in woorden. Ik b\u00e9n onderweg. En daar voel ik me thuis.\",\"sameAs\":[\"https:\\\/\\\/footstepsoffreedom.nl\",\"https:\\\/\\\/www.instagram.com\\\/marnix_footsteps_of_freedom\\\/\"]}]}<\/script>\n<!-- \/ Yoast SEO plugin. -->","yoast_head_json":{"title":"Contacto - FOOTSTEPS OF FREEDOM","robots":{"index":"index","follow":"follow","max-snippet":"max-snippet:-1","max-image-preview":"max-image-preview:large","max-video-preview":"max-video-preview:-1"},"canonical":"https:\/\/footstepsoffreedom.nl\/es\/contacto\/","og_locale":"es_ES","og_type":"article","og_title":"Contacto - FOOTSTEPS OF FREEDOM","og_url":"https:\/\/footstepsoffreedom.nl\/es\/contacto\/","og_site_name":"FOOTSTEPS OF FREEDOM","article_modified_time":"2025-05-15T12:02:24+00:00","twitter_card":"summary_large_image","schema":{"@context":"https:\/\/schema.org","@graph":[{"@type":"WebPage","@id":"https:\/\/footstepsoffreedom.nl\/es\/contacto\/","url":"https:\/\/footstepsoffreedom.nl\/es\/contacto\/","name":"Contacto - FOOTSTEPS OF FREEDOM","isPartOf":{"@id":"https:\/\/footstepsoffreedom.nl\/es\/#website"},"datePublished":"2025-05-06T22:14:18+00:00","dateModified":"2025-05-15T12:02:24+00:00","breadcrumb":{"@id":"https:\/\/footstepsoffreedom.nl\/es\/contacto\/#breadcrumb"},"inLanguage":"es","potentialAction":[{"@type":"ReadAction","target":["https:\/\/footstepsoffreedom.nl\/es\/contacto\/"]}]},{"@type":"BreadcrumbList","@id":"https:\/\/footstepsoffreedom.nl\/es\/contacto\/#breadcrumb","itemListElement":[{"@type":"ListItem","position":1,"name":"Home","item":"https:\/\/footstepsoffreedom.nl\/es\/"},{"@type":"ListItem","position":2,"name":"Contacto"}]},{"@type":"WebSite","@id":"https:\/\/footstepsoffreedom.nl\/es\/#website","url":"https:\/\/footstepsoffreedom.nl\/es\/","name":"FOOTSTEPS OF FREEDOM","description":"Hiking &amp; writing","publisher":{"@id":"https:\/\/footstepsoffreedom.nl\/es\/#\/schema\/person\/3378b8c210d8e714eabad2dc1764e0db"},"potentialAction":[{"@type":"SearchAction","target":{"@type":"EntryPoint","urlTemplate":"https:\/\/footstepsoffreedom.nl\/es\/?s={search_term_string}"},"query-input":{"@type":"PropertyValueSpecification","valueRequired":true,"valueName":"search_term_string"}}],"inLanguage":"es"},{"@type":["Person","Organization"],"@id":"https:\/\/footstepsoffreedom.nl\/es\/#\/schema\/person\/3378b8c210d8e714eabad2dc1764e0db","name":"Marnix van der Lijn","image":{"@type":"ImageObject","inLanguage":"es","@id":"https:\/\/footstepsoffreedom.nl\/wp-content\/uploads\/2025\/05\/logo_fof.svg","url":"https:\/\/footstepsoffreedom.nl\/wp-content\/uploads\/2025\/05\/logo_fof.svg","contentUrl":"https:\/\/footstepsoffreedom.nl\/wp-content\/uploads\/2025\/05\/logo_fof.svg","width":1160,"height":250,"caption":"Marnix van der Lijn"},"logo":{"@id":"https:\/\/footstepsoffreedom.nl\/wp-content\/uploads\/2025\/05\/logo_fof.svg"},"description":"Ik ben Marnix (1964), schrijver, langeafstandswandelaar en minimalist in hart en nieren. Na een loopbaan in de commerci\u00eble wereld, coaching en training, en jarenlange inzet in de vluchtelingenopvang, koos ik op mijn zestigste voor een radicale wending: ik gaf mezelf een sabbatical en trok de wereld in \u2013 te voet. Wat begon als een plan om 10.000 kilometer door Europa te wandelen, groeide uit tot iets veel groters: een nieuwe manier van leven. In negen maanden legde ik meer dan 5.500 kilometer af, met alleen mijn tent, schrijfboek, wandelkar (die ik liefdevol \u2018Wheelie\u2019 noem) en mijn barefoot schoenen. Al lopend ontdekte ik dat dit mijn pad is: een nomadisch bestaan, schrijvend onderweg. Ik geloof in het ritme van de voeten, in eenvoud, traagheid en aanwezigheid. Reizen zonder haast, leven met weinig, en onderweg de verhalen vangen die zich aandienen. Mijn missie? De schoonheid van vertraging, vrijheid en verbondenheid tastbaar maken in woorden. Ik b\u00e9n onderweg. En daar voel ik me thuis.","sameAs":["https:\/\/footstepsoffreedom.nl","https:\/\/www.instagram.com\/marnix_footsteps_of_freedom\/"]}]}},"jetpack_sharing_enabled":true,"jetpack-related-posts":[{"id":67,"url":"https:\/\/footstepsoffreedom.nl\/en\/in-touch\/","url_meta":{"origin":69,"position":0},"title":"In touch","author":"admin","date":"7 de mayo de 2025","format":false,"excerpt":"","rel":"","context":"Entrada similar","block_context":{"text":"Entrada similar","link":""},"img":{"alt_text":"","src":"","width":0,"height":0},"classes":[]},{"id":43,"url":"https:\/\/footstepsoffreedom.nl\/contact\/","url_meta":{"origin":69,"position":1},"title":"Contact","author":"admin","date":"7 de mayo de 2025","format":false,"excerpt":"","rel":"","context":"Entrada similar","block_context":{"text":"Entrada similar","link":""},"img":{"alt_text":"","src":"","width":0,"height":0},"classes":[]}],"jetpack_likes_enabled":true,"_links":{"self":[{"href":"https:\/\/footstepsoffreedom.nl\/es\/wp-json\/wp\/v2\/pages\/69","targetHints":{"allow":["GET"]}}],"collection":[{"href":"https:\/\/footstepsoffreedom.nl\/es\/wp-json\/wp\/v2\/pages"}],"about":[{"href":"https:\/\/footstepsoffreedom.nl\/es\/wp-json\/wp\/v2\/types\/page"}],"author":[{"embeddable":true,"href":"https:\/\/footstepsoffreedom.nl\/es\/wp-json\/wp\/v2\/users\/1"}],"replies":[{"embeddable":true,"href":"https:\/\/footstepsoffreedom.nl\/es\/wp-json\/wp\/v2\/comments?post=69"}],"version-history":[{"count":3,"href":"https:\/\/footstepsoffreedom.nl\/es\/wp-json\/wp\/v2\/pages\/69\/revisions"}],"predecessor-version":[{"id":501,"href":"https:\/\/footstepsoffreedom.nl\/es\/wp-json\/wp\/v2\/pages\/69\/revisions\/501"}],"wp:attachment":[{"href":"https:\/\/footstepsoffreedom.nl\/es\/wp-json\/wp\/v2\/media?parent=69"}],"curies":[{"name":"wp","href":"https:\/\/api.w.org\/{rel}","templated":true}]}}